{"id":4664,"date":"2024-06-21T18:57:40","date_gmt":"2024-06-21T17:57:40","guid":{"rendered":"https:\/\/oni.co.za\/terms-and-conditions\/"},"modified":"2025-01-02T12:05:48","modified_gmt":"2025-01-02T12:05:48","slug":"termes-et-conditions","status":"publish","type":"page","link":"https:\/\/oni.co.za\/fr\/termes-et-conditions\/","title":{"rendered":"Termes et Conditions"},"content":{"rendered":"\t\t<div data-elementor-type=\"wp-page\" data-elementor-id=\"4664\" class=\"elementor elementor-4664 elementor-298\" data-elementor-post-type=\"page\">\n\t\t\t\t\t\t<section class=\"elementor-section elementor-top-section elementor-element elementor-element-ab0fd57 elementor-section-boxed elementor-section-height-default elementor-section-height-default\" data-id=\"ab0fd57\" data-element_type=\"section\" data-settings=\"{&quot;background_background&quot;:&quot;classic&quot;}\">\n\t\t\t\t\t\t<div class=\"elementor-container elementor-column-gap-default\">\n\t\t\t\t\t<div class=\"elementor-column elementor-col-100 elementor-top-column elementor-element elementor-element-d437414\" data-id=\"d437414\" data-element_type=\"column\">\n\t\t\t<div class=\"elementor-widget-wrap elementor-element-populated\">\n\t\t\t\t\t\t\t<\/div>\n\t\t<\/div>\n\t\t\t\t\t<\/div>\n\t\t<\/section>\n\t\t\t\t<section class=\"elementor-section elementor-top-section elementor-element elementor-element-7af6b86 elementor-section-boxed elementor-section-height-default elementor-section-height-default\" data-id=\"7af6b86\" data-element_type=\"section\">\n\t\t\t\t\t\t<div class=\"elementor-container elementor-column-gap-default\">\n\t\t\t\t\t<div class=\"elementor-column elementor-col-100 elementor-top-column elementor-element elementor-element-317c440\" data-id=\"317c440\" data-element_type=\"column\">\n\t\t\t<div class=\"elementor-widget-wrap elementor-element-populated\">\n\t\t\t\t\t\t<div class=\"elementor-element elementor-element-4575bc1 elementor-widget elementor-widget-heading\" data-id=\"4575bc1\" data-element_type=\"widget\" data-widget_type=\"heading.default\">\n\t\t\t\t<div class=\"elementor-widget-container\">\n\t\t\t\t\t<h2 class=\"elementor-heading-title elementor-size-default\">Exactitude, Int\u00e9grit\u00e9 et Temporalit\u00e9 de l'Information<\/h2>\t\t\t\t<\/div>\n\t\t\t\t<\/div>\n\t\t\t\t<div class=\"elementor-element elementor-element-3cc0b49 elementor-widget elementor-widget-text-editor\" data-id=\"3cc0b49\" data-element_type=\"widget\" data-widget_type=\"text-editor.default\">\n\t\t\t\t<div class=\"elementor-widget-container\">\n\t\t\t\t\t\t\t\t\t<p>Bien que tous les moyens \u00e0 notre disposition soient utilis\u00e9s pour garantir l&rsquo;int\u00e9grit\u00e9 de l&rsquo;information, nous n&rsquo;assumons en aucun cas la responsabilit\u00e9 si les informations fournies ne sont pas exactes ou compl\u00e8tes.<br \/>Toute modification que vous apportez au contenu disponible sur cette page web se fait \u00e0 vos propres risques, vous \u00eates donc responsable de ces changements.<\/p>\t\t\t\t\t\t\t\t<\/div>\n\t\t\t\t<\/div>\n\t\t\t\t<div class=\"elementor-element elementor-element-b247679 elementor-widget elementor-widget-heading\" data-id=\"b247679\" data-element_type=\"widget\" data-widget_type=\"heading.default\">\n\t\t\t\t<div class=\"elementor-widget-container\">\n\t\t\t\t\t<h2 class=\"elementor-heading-title elementor-size-default\">Transmission de Donn\u00e9es<\/h2>\t\t\t\t<\/div>\n\t\t\t\t<\/div>\n\t\t\t\t<div class=\"elementor-element elementor-element-4b59078 elementor-widget elementor-widget-text-editor\" data-id=\"4b59078\" data-element_type=\"widget\" data-widget_type=\"text-editor.default\">\n\t\t\t\t<div class=\"elementor-widget-container\">\n\t\t\t\t\t\t\t\t\t<p>Tout contenu ou communication de donn\u00e9es non personnelles que vous nous envoyez par courrier \u00e9lectronique ou tout autre moyen, contenant des donn\u00e9es, questions, commentaires, suggestions ou similaires, sera trait\u00e9 comme des donn\u00e9es non confidentielles et sans droits de propri\u00e9t\u00e9.<\/p><p>Toute information que vous nous envoyez ou que vous publiez sur notre site web devient la propri\u00e9t\u00e9 de oni.co.za et peut \u00eatre utilis\u00e9e dans toutes les circonstances, y compris la divulgation, la reproduction, la transmission, la publication, la diffusion et la mise en ligne de contenus sur le web.<\/p><p>Oni.co.za est totalement libre d&rsquo;utiliser, pour toute finalit\u00e9 qu&rsquo;elle jugera appropri\u00e9e (y compris, mais sans s&rsquo;y limiter, le d\u00e9veloppement, la production, la publicit\u00e9 et le marketing de produits), les id\u00e9es, travaux cr\u00e9atifs, inventions, d\u00e9veloppements, suggestions et concepts en g\u00e9n\u00e9ral pr\u00e9sents dans toute communication que vous nous envoyez. L&rsquo;utilisation de ces contenus est exon\u00e9r\u00e9e de toute compensation financi\u00e8re \u00e0 la partie ayant fourni l&rsquo;information<\/p><p>Lorsque vous soumettez des informations sur le site web d&rsquo;oni.co.za, vous garantissez simultan\u00e9ment que le contenu de celles-ci est de votre responsabilit\u00e9 et non diffamatoire, et que l&rsquo;utilisation par Oni Import-Export ne violera aucun droit de tiers, ni la l\u00e9gislation applicable. Oni Import-Export n&rsquo;est pas oblig\u00e9 d&rsquo;utiliser les informations fournies.<\/p>\t\t\t\t\t\t\t\t<\/div>\n\t\t\t\t<\/div>\n\t\t\t\t<div class=\"elementor-element elementor-element-e70c1c3 elementor-widget elementor-widget-heading\" data-id=\"e70c1c3\" data-element_type=\"widget\" data-widget_type=\"heading.default\">\n\t\t\t\t<div class=\"elementor-widget-container\">\n\t\t\t\t\t<h2 class=\"elementor-heading-title elementor-size-default\">Droits de Propri\u00e9t\u00e9 Intellectuelle<\/h2>\t\t\t\t<\/div>\n\t\t\t\t<\/div>\n\t\t\t\t<div class=\"elementor-element elementor-element-8dedb44 elementor-widget elementor-widget-text-editor\" data-id=\"8dedb44\" data-element_type=\"widget\" data-widget_type=\"text-editor.default\">\n\t\t\t\t<div class=\"elementor-widget-container\">\n\t\t\t\t\t\t\t\t\t<p>Tous les droits d&rsquo;auteur et autres droits de propri\u00e9t\u00e9 intellectuelle li\u00e9s aux textes, images et autres contenus en g\u00e9n\u00e9ral, partag\u00e9s sur ce site web, sont la propri\u00e9t\u00e9 de Oni Import-Export ou sont utilis\u00e9s par celle-ci avec l&rsquo;autorisation du propri\u00e9taire concern\u00e9.<\/p><p>Vous \u00eates autoris\u00e9 \u00e0 naviguer, reproduire des extraits de contenu de ce site web par impression et \u00e0 effectuer des t\u00e9l\u00e9chargements sur un disque dur, dans le but de les diffuser \u00e0 d&rsquo;autres personnes. Cette situation est seulement permise \u00e0 condition de respecter les droits d&rsquo;auteur et autres droits intellectuels, et \u00e0 condition qu&rsquo;une mention de la marque susmentionn\u00e9e soit faite dans ces reproductions. La reproduction totale ou partielle du site web \u00e0 des fins commerciales est interdite, ainsi que sa modification et son incorporation dans tout autre article, publication ou site web.<\/p><p>Aucun contenu de ce site web ne peut \u00eatre interpr\u00e9t\u00e9 comme la concession d&rsquo;une licence, d&rsquo;une autorisation ou d&rsquo;un droit d&rsquo;utiliser toute marque d\u00e9pos\u00e9e mentionn\u00e9e. L&rsquo;utilisation ou l&rsquo;utilisation abusive de la marque ou de tout autre contenu de ce site web est express\u00e9ment interdite, sauf dans la forme pr\u00e9vue par ces Termes et Conditions. Oni.co.za utilisera \u00e9galement tous les moyens l\u00e9gaux pour prot\u00e9ger et renforcer ses droits de propri\u00e9t\u00e9 intellectuelle.<\/p>\t\t\t\t\t\t\t\t<\/div>\n\t\t\t\t<\/div>\n\t\t\t\t<div class=\"elementor-element elementor-element-89b3d9c elementor-widget elementor-widget-heading\" data-id=\"89b3d9c\" data-element_type=\"widget\" data-widget_type=\"heading.default\">\n\t\t\t\t<div class=\"elementor-widget-container\">\n\t\t\t\t\t<h2 class=\"elementor-heading-title elementor-size-default\">Liens d'Acc\u00e8s \u00e0 d'Autres Sites Web<\/h2>\t\t\t\t<\/div>\n\t\t\t\t<\/div>\n\t\t\t\t<div class=\"elementor-element elementor-element-cb5ecb9 elementor-widget elementor-widget-text-editor\" data-id=\"cb5ecb9\" data-element_type=\"widget\" data-widget_type=\"text-editor.default\">\n\t\t\t\t<div class=\"elementor-widget-container\">\n\t\t\t\t\t\t\t\t\t<p>Sur le site web d&rsquo;Oni Import-Export, vous trouverez des liens d&rsquo;acc\u00e8s \u00e0 d&rsquo;autres sites web \u00e9trangers \u00e0 oni.co.za. Par cons\u00e9quent, oni.co.za n&rsquo;acceptera aucune responsabilit\u00e9 pour le contenu, l&rsquo;exactitude, la cr\u00e9dibilit\u00e9 et les fonctionnalit\u00e9s des sites web appartenant \u00e0 des tiers. La fourniture de tels liens est effectu\u00e9e de bonne foi, et oni.co.za ne peut \u00eatre tenu responsable des modifications apport\u00e9es aux sites web.<\/p><p>Nous vous conseillons de vous renseigner et de lire les informations l\u00e9gales ainsi que les Politiques de Confidentialit\u00e9 de tous les sites web que vous visitez.<\/p>\t\t\t\t\t\t\t\t<\/div>\n\t\t\t\t<\/div>\n\t\t\t\t<div class=\"elementor-element elementor-element-96628da elementor-widget elementor-widget-heading\" data-id=\"96628da\" data-element_type=\"widget\" data-widget_type=\"heading.default\">\n\t\t\t\t<div class=\"elementor-widget-container\">\n\t\t\t\t\t<h2 class=\"elementor-heading-title elementor-size-default\">Garanties et Renonciation de Responsabilit\u00e9<\/h2>\t\t\t\t<\/div>\n\t\t\t\t<\/div>\n\t\t\t\t<div class=\"elementor-element elementor-element-061300b elementor-widget elementor-widget-text-editor\" data-id=\"061300b\" data-element_type=\"widget\" data-widget_type=\"text-editor.default\">\n\t\t\t\t<div class=\"elementor-widget-container\">\n\t\t\t\t\t\t\t\t\t<p>L&rsquo;utilisation que vous faites de ce site web et des contenus qui y sont pr\u00e9sents est exclusivement de votre responsabilit\u00e9 et \u00e0 vos risques.<\/p>\t\t\t\t\t\t\t\t<\/div>\n\t\t\t\t<\/div>\n\t\t\t\t<div class=\"elementor-element elementor-element-8b747a3 elementor-widget elementor-widget-heading\" data-id=\"8b747a3\" data-element_type=\"widget\" data-widget_type=\"heading.default\">\n\t\t\t\t<div class=\"elementor-widget-container\">\n\t\t\t\t\t<h2 class=\"elementor-heading-title elementor-size-default\">Garanties<\/h2>\t\t\t\t<\/div>\n\t\t\t\t<\/div>\n\t\t\t\t<div class=\"elementor-element elementor-element-913ba03 elementor-widget elementor-widget-text-editor\" data-id=\"913ba03\" data-element_type=\"widget\" data-widget_type=\"text-editor.default\">\n\t\t\t\t<div class=\"elementor-widget-container\">\n\t\t\t\t\t\t\t\t\t<p>Ce site web est mis \u00e0 disposition avec les contenus et informations qui y figurent actuellement. Oni Import-Export ne fournit aucune garantie de quelque nature que ce soit, y compris des garanties ou des engagements concernant l&rsquo;exhaustivit\u00e9 du contenu de cette page web, la continuit\u00e9 de l&rsquo;acc\u00e8s \u00e0 cette page ou son absence d&rsquo;erreurs, et l&rsquo;absence de virus. Elle ne garantit pas que le site web soit s\u00e9curis\u00e9 et que tout conseil ou opinion d&rsquo;Oni Import-Export obtenu par ce site soit totalement fiable, raison pour laquelle oni.co.za n&rsquo;assume aucun engagement ou garantie concernant les aspects mentionn\u00e9s.<\/p><p>Il est important de prendre en compte qu&rsquo;il est possible que dans certaines juridictions, les exclusions de garanties implicites ne soient pas admises, de sorte que certaines de ces exclusions peuvent ne pas vous \u00eatre applicables.<\/p><p>Oni Import-Export se r\u00e9serve le droit de restreindre, suspendre et\/ou annuler l&rsquo;acc\u00e8s au site web ou \u00e0 une partie de celui-ci ainsi qu&rsquo;\u00e0 toute fonctionnalit\u00e9 pr\u00e9sente sur cette page, \u00e0 tout moment et sans pr\u00e9avis.<\/p>\t\t\t\t\t\t\t\t<\/div>\n\t\t\t\t<\/div>\n\t\t\t\t<div class=\"elementor-element elementor-element-a16b437 elementor-widget elementor-widget-heading\" data-id=\"a16b437\" data-element_type=\"widget\" data-widget_type=\"heading.default\">\n\t\t\t\t<div class=\"elementor-widget-container\">\n\t\t\t\t\t<h2 class=\"elementor-heading-title elementor-size-default\">Responsabilit\u00e9<\/h2>\t\t\t\t<\/div>\n\t\t\t\t<\/div>\n\t\t\t\t<div class=\"elementor-element elementor-element-53cbc8c elementor-widget elementor-widget-text-editor\" data-id=\"53cbc8c\" data-element_type=\"widget\" data-widget_type=\"text-editor.default\">\n\t\t\t\t<div class=\"elementor-widget-container\">\n\t\t\t\t\t\t\t\t\t<p>Oni Import-Export et\/ou toute autre entit\u00e9 impliqu\u00e9e dans le processus de cr\u00e9ation, de production et de d\u00e9veloppement de ce site web ne sauraient \u00eatre tenues responsables, en aucun cas, des dommages directs et\/ou indirects, fortuits, mat\u00e9riels et\/ou immat\u00e9riels, des dommages \u00e9mergents et\/ou des pertes de profits, ou de tout autre dommage et\/ou co\u00fbt r\u00e9sultant de votre acc\u00e8s, de votre utilisation ou de votre incapacit\u00e9 \u00e0 utiliser, de la modification du contenu de ce site web, ou de tout autre site web accessible par un lien pr\u00e9sent sur ce site, caus\u00e9s par toute mesure que nous pourrions prendre, ou ne pas prendre, en raison d&rsquo;un message \u00e9lectronique que vous pourriez nous avoir envoy\u00e9.<\/p><p>Oni Import-Export n&rsquo;assume aucune responsabilit\u00e9 pour les pertes et\/ou dommages subis en raison de virus pouvant affecter votre ordinateur, r\u00e9sultant de l&rsquo;acc\u00e8s, de l&rsquo;utilisation ou du t\u00e9l\u00e9chargement de contenus de ce site web. Si vous choisissez de t\u00e9l\u00e9charger des contenus \u00e0 partir de ce site web, vous le ferez \u00e0 vos propres risques.<\/p><p>L&rsquo;utilisateur d\u00e9clare donc renoncer d\u00e9finitivement \u00e0 toute r\u00e9clamation contre Oni \u2013 Import-Export et ses responsables, pouvant d\u00e9couler de l&rsquo;utilisation ou de l&rsquo;acc\u00e8s \u00e0 cette page web.<\/p>\t\t\t\t\t\t\t\t<\/div>\n\t\t\t\t<\/div>\n\t\t\t\t<div class=\"elementor-element elementor-element-43ee916 elementor-widget elementor-widget-heading\" data-id=\"43ee916\" data-element_type=\"widget\" data-widget_type=\"heading.default\">\n\t\t\t\t<div class=\"elementor-widget-container\">\n\t\t\t\t\t<h2 class=\"elementor-heading-title elementor-size-default\">Activit\u00e9s Interdites<\/h2>\t\t\t\t<\/div>\n\t\t\t\t<\/div>\n\t\t\t\t<div class=\"elementor-element elementor-element-258e3a6 elementor-widget elementor-widget-text-editor\" data-id=\"258e3a6\" data-element_type=\"widget\" data-widget_type=\"text-editor.default\">\n\t\t\t\t<div class=\"elementor-widget-container\">\n\t\t\t\t\t\t\t\t\t<p>Toute activit\u00e9 consid\u00e9r\u00e9e par Oni Import-Export comme inappropri\u00e9e et\/ou susceptible d&rsquo;\u00eatre ill\u00e9gale selon la l\u00e9gislation applicable \u00e0 cette page web est interdite, y compris, mais sans s&rsquo;y limiter :<\/p><ul><li>Tout acte pouvant constituer une violation de la vie priv\u00e9e (y compris l&rsquo;envoi sur ce site web d&rsquo;informations priv\u00e9es sans le consentement de la personne concern\u00e9e) ou de tout autre droit l\u00e9gal de personnes physiques ;<\/li><li>Utiliser ce site web pour diffamer et\/ou injurier Oni Import- Export, ses collaborateurs ou d&rsquo;autres personnes physiques et\/ou morales, ou agir de mani\u00e8re \u00e0 discr\u00e9diter la r\u00e9putation de oni.co.za ;<\/li><li>Envoyer sur ce site web des fichiers contenant des virus pouvant causer des dommages \u00e0 la propri\u00e9t\u00e9 d&rsquo;Oni Import-Export ou \u00e0 celle de personnes physiques ;<\/li><li>Placer ou transmettre sur ce site web tout contenu non autoris\u00e9, y compris, mais sans s&rsquo;y limiter, des contenus qui, selon notre compr\u00e9hension, causent des dommages ou pr\u00e9judices, ou qui violent les syst\u00e8mes de s\u00e9curit\u00e9 de oni.co.za ou de tiers, des contenus diffamatoires, racistes, obsc\u00e8nes, mena\u00e7ants, \u00e0 caract\u00e8re pornographique ou pouvant \u00eatre qualifi\u00e9s d&rsquo;illicites en g\u00e9n\u00e9ral.<\/li><\/ul>\t\t\t\t\t\t\t\t<\/div>\n\t\t\t\t<\/div>\n\t\t\t\t<div class=\"elementor-element elementor-element-e9f45b1 elementor-widget elementor-widget-heading\" data-id=\"e9f45b1\" data-element_type=\"widget\" data-widget_type=\"heading.default\">\n\t\t\t\t<div class=\"elementor-widget-container\">\n\t\t\t\t\t<h2 class=\"elementor-heading-title elementor-size-default\">Cookies<\/h2>\t\t\t\t<\/div>\n\t\t\t\t<\/div>\n\t\t\t\t<div class=\"elementor-element elementor-element-d586383 elementor-widget elementor-widget-text-editor\" data-id=\"d586383\" data-element_type=\"widget\" data-widget_type=\"text-editor.default\">\n\t\t\t\t<div class=\"elementor-widget-container\">\n\t\t\t\t\t\t\t\t\t<p>Oni Import-Export utilise une technologie de recherche par le biais de Cookies. La Politique d&rsquo;Oni Import-Export concernant l&rsquo;utilisation des cookies est d\u00e9finie dans la Politique de Confidentialit\u00e9 accessible via ce <a href=\"\/fr\/privacy-policy\/\" target=\"_blank\" rel=\"noopener\">lien<\/a>.<\/p>\t\t\t\t\t\t\t\t<\/div>\n\t\t\t\t<\/div>\n\t\t\t\t<div class=\"elementor-element elementor-element-094c8e6 elementor-widget elementor-widget-heading\" data-id=\"094c8e6\" data-element_type=\"widget\" data-widget_type=\"heading.default\">\n\t\t\t\t<div class=\"elementor-widget-container\">\n\t\t\t\t\t<h2 class=\"elementor-heading-title elementor-size-default\">Contact<\/h2>\t\t\t\t<\/div>\n\t\t\t\t<\/div>\n\t\t\t\t<div class=\"elementor-element elementor-element-f7618a5 elementor-widget elementor-widget-text-editor\" data-id=\"f7618a5\" data-element_type=\"widget\" data-widget_type=\"text-editor.default\">\n\t\t\t\t<div class=\"elementor-widget-container\">\n\t\t\t\t\t\t\t\t\t<p>Pour toute question relative aux pr\u00e9sents termes et conditions d&rsquo;utilisation du site d&rsquo;Oni Import-Export, l&rsquo;utilisateur doit contacter l&#8217;email g\u00e9n\u00e9ral d&rsquo;Oni Import-Export : <a href=\"mailto:info@oni.co.za\">info@oni.co.za<\/a><\/p>\t\t\t\t\t\t\t\t<\/div>\n\t\t\t\t<\/div>\n\t\t\t\t<div class=\"elementor-element elementor-element-8825aee elementor-widget elementor-widget-heading\" data-id=\"8825aee\" data-element_type=\"widget\" data-widget_type=\"heading.default\">\n\t\t\t\t<div class=\"elementor-widget-container\">\n\t\t\t\t\t<h2 class=\"elementor-heading-title elementor-size-default\">Mises \u00e0 Jour L\u00e9gales<\/h2>\t\t\t\t<\/div>\n\t\t\t\t<\/div>\n\t\t\t\t<div class=\"elementor-element elementor-element-ad8267a elementor-widget elementor-widget-text-editor\" data-id=\"ad8267a\" data-element_type=\"widget\" data-widget_type=\"text-editor.default\">\n\t\t\t\t<div class=\"elementor-widget-container\">\n\t\t\t\t\t\t\t\t\t<p>Nous nous r\u00e9servons le droit de modifier cette Politique de Confidentialit\u00e9. Veuillez consulter r\u00e9guli\u00e8rement cette page pour revoir les informations contenues sur le site et d&rsquo;\u00e9ventuelles nouvelles informations. Les termes et conditions sont une protection pour nous et pour vous.<\/p><p>Ces Termes et Conditions ont \u00e9t\u00e9 r\u00e9vis\u00e9s et mis \u00e0 jour le 24 mai 2018.<\/p>\t\t\t\t\t\t\t\t<\/div>\n\t\t\t\t<\/div>\n\t\t\t\t\t<\/div>\n\t\t<\/div>\n\t\t\t\t\t<\/div>\n\t\t<\/section>\n\t\t\t\t<\/div>\n\t\t","protected":false},"excerpt":{"rendered":"<p>Exactitude, Int\u00e9grit\u00e9 et Temporalit\u00e9 de l&rsquo;Information Bien que tous les moyens \u00e0 notre disposition soient utilis\u00e9s pour garantir l&rsquo;int\u00e9grit\u00e9 de l&rsquo;information, nous n&rsquo;assumons en aucun cas la responsabilit\u00e9 si les informations fournies ne sont pas exactes ou compl\u00e8tes. Toute modification que vous apportez au contenu disponible sur cette page web se fait \u00e0 vos propres&hellip;<\/p>\n","protected":false},"author":2,"featured_media":4378,"parent":0,"menu_order":0,"comment_status":"closed","ping_status":"closed","template":"elementor_header_footer","meta":{"inline_featured_image":false,"footnotes":""},"class_list":["post-4664","page","type-page","status-publish","has-post-thumbnail","hentry"],"_links":{"self":[{"href":"https:\/\/oni.co.za\/fr\/wp-json\/wp\/v2\/pages\/4664","targetHints":{"allow":["GET"]}}],"collection":[{"href":"https:\/\/oni.co.za\/fr\/wp-json\/wp\/v2\/pages"}],"about":[{"href":"https:\/\/oni.co.za\/fr\/wp-json\/wp\/v2\/types\/page"}],"author":[{"embeddable":true,"href":"https:\/\/oni.co.za\/fr\/wp-json\/wp\/v2\/users\/2"}],"replies":[{"embeddable":true,"href":"https:\/\/oni.co.za\/fr\/wp-json\/wp\/v2\/comments?post=4664"}],"version-history":[{"count":6,"href":"https:\/\/oni.co.za\/fr\/wp-json\/wp\/v2\/pages\/4664\/revisions"}],"predecessor-version":[{"id":4847,"href":"https:\/\/oni.co.za\/fr\/wp-json\/wp\/v2\/pages\/4664\/revisions\/4847"}],"wp:featuredmedia":[{"embeddable":true,"href":"https:\/\/oni.co.za\/fr\/wp-json\/wp\/v2\/media\/4378"}],"wp:attachment":[{"href":"https:\/\/oni.co.za\/fr\/wp-json\/wp\/v2\/media?parent=4664"}],"curies":[{"name":"wp","href":"https:\/\/api.w.org\/{rel}","templated":true}]}}